{"id":9,"date":"2022-01-26T16:04:14","date_gmt":"2022-01-26T15:04:14","guid":{"rendered":"https:\/\/services7.cloud1.sbg.meosis.fr\/microcrechejulesettiago\/contact\/"},"modified":"2022-03-11T10:55:00","modified_gmt":"2022-03-11T09:55:00","slug":"contact","status":"publish","type":"page","link":"https:\/\/services7.cloud1.sbg.meosis.fr\/julesettiago\/contact.html","title":{"rendered":"Contact"},"content":{"rendered":"<script type=\"text\/javascript\">var gform;gform||(document.addEventListener(\"gform_main_scripts_loaded\",function(){gform.scriptsLoaded=!0}),window.addEventListener(\"DOMContentLoaded\",function(){gform.domLoaded=!0}),gform={domLoaded:!1,scriptsLoaded:!1,initializeOnLoaded:function(o){gform.domLoaded&&gform.scriptsLoaded?o():!gform.domLoaded&&gform.scriptsLoaded?window.addEventListener(\"DOMContentLoaded\",o):document.addEventListener(\"gform_main_scripts_loaded\",o)},hooks:{action:{},filter:{}},addAction:function(o,n,r,t){gform.addHook(\"action\",o,n,r,t)},addFilter:function(o,n,r,t){gform.addHook(\"filter\",o,n,r,t)},doAction:function(o){gform.doHook(\"action\",o,arguments)},applyFilters:function(o){return gform.doHook(\"filter\",o,arguments)},removeAction:function(o,n){gform.removeHook(\"action\",o,n)},removeFilter:function(o,n,r){gform.removeHook(\"filter\",o,n,r)},addHook:function(o,n,r,t,i){null==gform.hooks[o][n]&&(gform.hooks[o][n]=[]);var e=gform.hooks[o][n];null==i&&(i=n+\"_\"+e.length),gform.hooks[o][n].push({tag:i,callable:r,priority:t=null==t?10:t})},doHook:function(n,o,r){var t;if(r=Array.prototype.slice.call(r,1),null!=gform.hooks[n][o]&&((o=gform.hooks[n][o]).sort(function(o,n){return o.priority-n.priority}),o.forEach(function(o){\"function\"!=typeof(t=o.callable)&&(t=window[t]),\"action\"==n?t.apply(null,r):r[0]=t.apply(null,r)})),\"filter\"==n)return r[0]},removeHook:function(o,n,t,i){var r;null!=gform.hooks[o][n]&&(r=(r=gform.hooks[o][n]).filter(function(o,n,r){return!!(null!=i&&i!=o.tag||null!=t&&t!=o.priority)}),gform.hooks[o][n]=r)}});<\/script>\n                <div class='gf_browser_gecko gform_wrapper gform_legacy_markup_wrapper gform-theme--no-framework' data-form-theme='legacy' data-form-index='0' id='gform_wrapper_1' ><div id='gf_1' class='gform_anchor' tabindex='-1'><\/div><form method='post' enctype='multipart\/form-data' target='gform_ajax_frame_1' id='gform_1'  action='\/julesettiago\/wp-json\/wp\/v2\/pages\/9#gf_1' data-formid='1' >\n                        <div class='gform-body gform_body'><ul id='gform_fields_1' class='gform_fields top_label form_sublabel_below description_below'><li id=\"field_1_5\"  class=\"gfield gfield--type-text gf_left_half name gfield_contains_required field_sublabel_below gfield--no-description field_description_below gfield_visibility_visible\"  data-js-reload=\"field_1_5\"><label class='gfield_label gform-field-label' for='input_1_5' >Nom<span class=\"gfield_required\"><span class=\"gfield_required gfield_required_asterisk\">*<\/span><\/span><\/label><div class='ginput_container ginput_container_text'><input name='input_5' id='input_1_5' type='text' value='' class='large'     aria-required=\"true\" aria-invalid=\"false\"   \/> <\/div><\/li><li id=\"field_1_4\"  class=\"gfield gfield--type-email gf_right_half email gfield_contains_required field_sublabel_below gfield--no-description field_description_below gfield_visibility_visible\"  data-js-reload=\"field_1_4\"><label class='gfield_label gform-field-label' for='input_1_4' >E-mail<span class=\"gfield_required\"><span class=\"gfield_required gfield_required_asterisk\">*<\/span><\/span><\/label><div class='ginput_container ginput_container_email'>\n                            <input name='input_4' id='input_1_4' type='text' value='' class='large'    aria-required=\"true\" aria-invalid=\"false\"  \/>\n                        <\/div><\/li><li id=\"field_1_3\"  class=\"gfield gfield--type-phone gf_left_half phone gfield_contains_required field_sublabel_below gfield--no-description field_description_below gfield_visibility_visible\"  data-js-reload=\"field_1_3\"><label class='gfield_label gform-field-label' for='input_1_3' >T\u00e9l\u00e9phone<span class=\"gfield_required\"><span class=\"gfield_required gfield_required_asterisk\">*<\/span><\/span><\/label><div class='ginput_container ginput_container_phone'><input name='input_3' id='input_1_3' type='text' value='' class='large'   aria-required=\"true\" aria-invalid=\"false\"   \/><\/div><\/li><li id=\"field_1_5\"  class=\"gfield gfield--type-text gf_left_half name gfield_contains_required field_sublabel_below gfield--no-description field_description_below gfield_visibility_visible\"  data-js-reload=\"field_1_5\"><label class='gfield_label gform-field-label' for='input_1_5' >Nom<span class=\"gfield_required\"><span class=\"gfield_required gfield_required_asterisk\">*<\/span><\/span><\/label><div class='ginput_container ginput_container_text'><input name='input_5' id='input_1_5' type='text' value='' class='large'     aria-required=\"true\" aria-invalid=\"false\"   \/> <\/div><\/li><li id=\"field_1_6\"  class=\"gfield gfield--type-textarea message gfield_contains_required field_sublabel_below gfield--no-description field_description_below gfield_visibility_visible\"  data-js-reload=\"field_1_6\"><label class='gfield_label gform-field-label' for='input_1_6' >Message<span class=\"gfield_required\"><span class=\"gfield_required gfield_required_asterisk\">*<\/span><\/span><\/label><div class='ginput_container ginput_container_textarea'><textarea name='input_6' id='input_1_6' class='textarea large'     aria-required=\"true\" aria-invalid=\"false\"   rows='10' cols='50'><\/textarea><\/div><\/li><li id=\"field_1_8\"  class=\"gfield gfield--type-consent rgpd gfield_contains_required field_sublabel_below gfield--no-description field_description_below gfield_visibility_visible\"  data-js-reload=\"field_1_8\"><label class='gfield_label gform-field-label gfield_label_before_complex'  >RGPD<span class=\"gfield_required\"><span class=\"gfield_required gfield_required_asterisk\">*<\/span><\/span><\/label><div class='ginput_container ginput_container_consent'><input name='input_8.1' id='input_1_8_1' type='checkbox' value='1'   aria-required=\"true\" aria-invalid=\"false\"   \/> <label class=\"gform-field-label gform-field-label--type-inline gfield_consent_label\" for='input_1_8_1' >En cochant cette case, vous acceptez d'\u00eatre recontact\u00e9 par email, conform\u00e9ment \u00e0 notre <a href=\"\/mentions-legales-politique-confidentialite.html\">Politique de Confidentialit\u00e9<\/a>.<\/label><input type='hidden' name='input_8.2' value='En cochant cette case, vous acceptez d&#039;\u00eatre recontact\u00e9 par email, conform\u00e9ment \u00e0 notre &lt;a href=&quot;\/mentions-legales-politique-confidentialite.html&quot;&gt;Politique de Confidentialit\u00e9&lt;\/a&gt;.' class='gform_hidden' \/><input type='hidden' name='input_8.3' value='1' class='gform_hidden' \/><\/div><\/li><li id=\"field_1_9\"  class=\"gfield gfield--type-captcha field_sublabel_below gfield--no-description field_description_below gfield_visibility_visible\"  data-js-reload=\"field_1_9\"><label class='gfield_label gform-field-label' for='input_1_9' >CAPTCHA<\/label><div id='input_1_9' class='ginput_container ginput_recaptcha' data-sitekey='6LcUVEEeAAAAAKD-l3Ko-1B_X_A4uVkD2ZPyOib1'  data-theme='light' data-tabindex='0'  data-badge=''><\/div><\/li><\/ul><\/div>\n        <div class='gform_footer top_label'> <input type='submit' id='gform_submit_button_1' class='gform_button button' value='Envoyer'  onclick='if(window[\"gf_submitting_1\"]){return false;}  window[\"gf_submitting_1\"]=true;  ' onkeypress='if( event.keyCode == 13 ){ if(window[\"gf_submitting_1\"]){return false;} window[\"gf_submitting_1\"]=true;  jQuery(\"#gform_1\").trigger(\"submit\",[true]); }' \/> <input type='hidden' name='gform_ajax' value='form_id=1&amp;title=&amp;description=&amp;tabindex=0' \/>\n            <input type='hidden' class='gform_hidden' name='is_submit_1' value='1' \/>\n            <input type='hidden' class='gform_hidden' name='gform_submit' value='1' \/>\n            \n            <input type='hidden' class='gform_hidden' name='gform_unique_id' value='' \/>\n            <input type='hidden' class='gform_hidden' name='state_1' value='WyJ7XCI4LjFcIjpcIjdiODQyNTUzYWE0ZGMxYWFkOGQyOTNjMTU3MGY2NmE5XCIsXCI4LjJcIjpcIjYwMjk2OTE2YzkzOGQwZmZhMjI0ZDM4ZWRlMmRiZjJiXCIsXCI4LjNcIjpcIjdiODQyNTUzYWE0ZGMxYWFkOGQyOTNjMTU3MGY2NmE5XCJ9IiwiYmFlNWQxMDVhZDg3NzFlZmExM2U5YzMyNmJhMTc3YTgiXQ==' \/>\n            <input type='hidden' class='gform_hidden' name='gform_target_page_number_1' id='gform_target_page_number_1' value='0' \/>\n            <input type='hidden' class='gform_hidden' name='gform_source_page_number_1' id='gform_source_page_number_1' value='1' \/>\n            <input type='hidden' name='gform_field_values' value='' \/>\n            \n        <\/div>\n                        <p style=\"display: none !important;\" class=\"akismet-fields-container\" data-prefix=\"ak_\"><label>&#916;<textarea name=\"ak_hp_textarea\" cols=\"45\" rows=\"8\" maxlength=\"100\"><\/textarea><\/label><input type=\"hidden\" id=\"ak_js_1\" name=\"ak_js\" value=\"224\"\/><script type=\"text\/javascript\">\n\/* <![CDATA[ *\/\ndocument.getElementById( \"ak_js_1\" ).setAttribute( \"value\", ( new Date() ).getTime() );\n\/* ]]> *\/\n<\/script>\n<\/p><\/form>\n                        <\/div>\n\t\t                <iframe style='display:none;width:0px;height:0px;' src='about:blank' name='gform_ajax_frame_1' id='gform_ajax_frame_1' title='Cette iframe contient la logique n\u00e9cessaire pour manipuler Gravity Forms avec Ajax.'><\/iframe>\n\t\t                <script type=\"text\/javascript\">\n\/* <![CDATA[ *\/\n gform.initializeOnLoaded( function() {gformInitSpinner( 1, 'https:\/\/services7.cloud1.sbg.meosis.fr\/julesettiago\/wp-content\/plugins\/gravityforms\/images\/spinner.svg', true );jQuery('#gform_ajax_frame_1').on('load',function(){var contents = jQuery(this).contents().find('*').html();var is_postback = contents.indexOf('GF_AJAX_POSTBACK') >= 0;if(!is_postback){return;}var form_content = jQuery(this).contents().find('#gform_wrapper_1');var is_confirmation = jQuery(this).contents().find('#gform_confirmation_wrapper_1').length > 0;var is_redirect = contents.indexOf('gformRedirect(){') >= 0;var is_form = form_content.length > 0 && ! is_redirect && ! is_confirmation;var mt = parseInt(jQuery('html').css('margin-top'), 10) + parseInt(jQuery('body').css('margin-top'), 10) + 100;if(is_form){jQuery('#gform_wrapper_1').html(form_content.html());if(form_content.hasClass('gform_validation_error')){jQuery('#gform_wrapper_1').addClass('gform_validation_error');} else {jQuery('#gform_wrapper_1').removeClass('gform_validation_error');}setTimeout( function() { \/* delay the scroll by 50 milliseconds to fix a bug in chrome *\/ jQuery(document).scrollTop(jQuery('#gform_wrapper_1').offset().top - mt); }, 50 );if(window['gformInitDatepicker']) {gformInitDatepicker();}if(window['gformInitPriceFields']) {gformInitPriceFields();}var current_page = jQuery('#gform_source_page_number_1').val();gformInitSpinner( 1, 'https:\/\/services7.cloud1.sbg.meosis.fr\/julesettiago\/wp-content\/plugins\/gravityforms\/images\/spinner.svg', true );jQuery(document).trigger('gform_page_loaded', [1, current_page]);window['gf_submitting_1'] = false;}else if(!is_redirect){var confirmation_content = jQuery(this).contents().find('.GF_AJAX_POSTBACK').html();if(!confirmation_content){confirmation_content = contents;}setTimeout(function(){jQuery('#gform_wrapper_1').replaceWith(confirmation_content);jQuery(document).scrollTop(jQuery('#gf_1').offset().top - mt);jQuery(document).trigger('gform_confirmation_loaded', [1]);window['gf_submitting_1'] = false;wp.a11y.speak(jQuery('#gform_confirmation_message_1').text());}, 50);}else{jQuery('#gform_1').append(contents);if(window['gformRedirect']) {gformRedirect();}}jQuery(document).trigger('gform_post_render', [1, current_page]);} );} ); \n\/* ]]> *\/\n<\/script>\n\n","protected":false},"excerpt":{"rendered":"","protected":false},"author":1,"featured_media":0,"parent":0,"menu_order":0,"comment_status":"closed","ping_status":"closed","template":"","meta":{"_acf_changed":false,"footnotes":""},"class_list":["post-9","page","type-page","status-publish","hentry"],"yoast_head":"<!-- This site is optimized with the Yoast SEO plugin v24.4 - https:\/\/yoast.com\/wordpress\/plugins\/seo\/ -->\n<title>Contactez d\u00e8s maintenant la micro-cr\u00e8che Jules &amp; Tiago<\/title>\n<meta name=\"robots\" content=\"index, follow, max-snippet:-1, max-image-preview:large, max-video-preview:-1\" \/>\n<link rel=\"canonical\" href=\"https:\/\/services7.cloud1.sbg.meosis.fr\/julesettiago\/contact.html\" \/>\n<meta property=\"og:locale\" content=\"fr_FR\" \/>\n<meta property=\"og:type\" content=\"article\" \/>\n<meta property=\"og:title\" content=\"Contactez d\u00e8s maintenant la micro-cr\u00e8che Jules &amp; Tiago\" \/>\n<meta property=\"og:url\" content=\"https:\/\/services7.cloud1.sbg.meosis.fr\/julesettiago\/contact.html\" \/>\n<meta property=\"og:site_name\" content=\"JULES &amp; TIAGO\" \/>\n<meta property=\"article:modified_time\" content=\"2022-03-11T09:55:00+00:00\" \/>\n<meta name=\"twitter:card\" content=\"summary_large_image\" \/>\n<script type=\"application\/ld+json\" class=\"yoast-schema-graph\">{\"@context\":\"https:\/\/schema.org\",\"@graph\":[{\"@type\":\"WebPage\",\"@id\":\"https:\/\/services7.cloud1.sbg.meosis.fr\/julesettiago\/contact.html\",\"url\":\"https:\/\/services7.cloud1.sbg.meosis.fr\/julesettiago\/contact.html\",\"name\":\"Contactez d\u00e8s maintenant la micro-cr\u00e8che Jules & Tiago\",\"isPartOf\":{\"@id\":\"https:\/\/services7.cloud1.sbg.meosis.fr\/julesettiago\/#website\"},\"datePublished\":\"2022-01-26T15:04:14+00:00\",\"dateModified\":\"2022-03-11T09:55:00+00:00\",\"breadcrumb\":{\"@id\":\"https:\/\/services7.cloud1.sbg.meosis.fr\/julesettiago\/contact.html#breadcrumb\"},\"inLanguage\":\"fr-FR\",\"potentialAction\":[{\"@type\":\"ReadAction\",\"target\":[\"https:\/\/services7.cloud1.sbg.meosis.fr\/julesettiago\/contact.html\"]}]},{\"@type\":\"BreadcrumbList\",\"@id\":\"https:\/\/services7.cloud1.sbg.meosis.fr\/julesettiago\/contact.html#breadcrumb\",\"itemListElement\":[{\"@type\":\"ListItem\",\"position\":1,\"name\":\"Micro-cr\u00e8che \u00e0 Blodelsheim\",\"item\":\"https:\/\/services7.cloud1.sbg.meosis.fr\/julesettiago\/\"},{\"@type\":\"ListItem\",\"position\":2,\"name\":\"Contact\"}]},{\"@type\":\"WebSite\",\"@id\":\"https:\/\/services7.cloud1.sbg.meosis.fr\/julesettiago\/#website\",\"url\":\"https:\/\/services7.cloud1.sbg.meosis.fr\/julesettiago\/\",\"name\":\"JULES &amp; TIAGO\",\"description\":\"Micro-cr\u00e8che \u00e0 Blodelsheim\",\"publisher\":{\"@id\":\"https:\/\/services7.cloud1.sbg.meosis.fr\/julesettiago\/#organization\"},\"potentialAction\":[{\"@type\":\"SearchAction\",\"target\":{\"@type\":\"EntryPoint\",\"urlTemplate\":\"https:\/\/services7.cloud1.sbg.meosis.fr\/julesettiago\/?s={search_term_string}\"},\"query-input\":{\"@type\":\"PropertyValueSpecification\",\"valueRequired\":true,\"valueName\":\"search_term_string\"}}],\"inLanguage\":\"fr-FR\"},{\"@type\":\"Organization\",\"@id\":\"https:\/\/services7.cloud1.sbg.meosis.fr\/julesettiago\/#organization\",\"name\":\"JULES &amp; TIAGO\",\"url\":\"https:\/\/services7.cloud1.sbg.meosis.fr\/julesettiago\/\",\"logo\":{\"@type\":\"ImageObject\",\"inLanguage\":\"fr-FR\",\"@id\":\"https:\/\/services7.cloud1.sbg.meosis.fr\/julesettiago\/#\/schema\/logo\/image\/\",\"url\":\"https:\/\/services7.cloud1.sbg.meosis.fr\/julesettiago\/wp-content\/uploads\/sites\/11\/2022\/01\/logo.png\",\"contentUrl\":\"https:\/\/services7.cloud1.sbg.meosis.fr\/julesettiago\/wp-content\/uploads\/sites\/11\/2022\/01\/logo.png\",\"width\":201,\"height\":128,\"caption\":\"JULES &amp; TIAGO\"},\"image\":{\"@id\":\"https:\/\/services7.cloud1.sbg.meosis.fr\/julesettiago\/#\/schema\/logo\/image\/\"}}]}<\/script>\n<!-- \/ Yoast SEO plugin. -->","yoast_head_json":{"title":"Contactez d\u00e8s maintenant la micro-cr\u00e8che Jules & Tiago","robots":{"index":"index","follow":"follow","max-snippet":"max-snippet:-1","max-image-preview":"max-image-preview:large","max-video-preview":"max-video-preview:-1"},"canonical":"https:\/\/services7.cloud1.sbg.meosis.fr\/julesettiago\/contact.html","og_locale":"fr_FR","og_type":"article","og_title":"Contactez d\u00e8s maintenant la micro-cr\u00e8che Jules & Tiago","og_url":"https:\/\/services7.cloud1.sbg.meosis.fr\/julesettiago\/contact.html","og_site_name":"JULES &amp; TIAGO","article_modified_time":"2022-03-11T09:55:00+00:00","twitter_card":"summary_large_image","schema":{"@context":"https:\/\/schema.org","@graph":[{"@type":"WebPage","@id":"https:\/\/services7.cloud1.sbg.meosis.fr\/julesettiago\/contact.html","url":"https:\/\/services7.cloud1.sbg.meosis.fr\/julesettiago\/contact.html","name":"Contactez d\u00e8s maintenant la micro-cr\u00e8che Jules & Tiago","isPartOf":{"@id":"https:\/\/services7.cloud1.sbg.meosis.fr\/julesettiago\/#website"},"datePublished":"2022-01-26T15:04:14+00:00","dateModified":"2022-03-11T09:55:00+00:00","breadcrumb":{"@id":"https:\/\/services7.cloud1.sbg.meosis.fr\/julesettiago\/contact.html#breadcrumb"},"inLanguage":"fr-FR","potentialAction":[{"@type":"ReadAction","target":["https:\/\/services7.cloud1.sbg.meosis.fr\/julesettiago\/contact.html"]}]},{"@type":"BreadcrumbList","@id":"https:\/\/services7.cloud1.sbg.meosis.fr\/julesettiago\/contact.html#breadcrumb","itemListElement":[{"@type":"ListItem","position":1,"name":"Micro-cr\u00e8che \u00e0 Blodelsheim","item":"https:\/\/services7.cloud1.sbg.meosis.fr\/julesettiago\/"},{"@type":"ListItem","position":2,"name":"Contact"}]},{"@type":"WebSite","@id":"https:\/\/services7.cloud1.sbg.meosis.fr\/julesettiago\/#website","url":"https:\/\/services7.cloud1.sbg.meosis.fr\/julesettiago\/","name":"JULES &amp; TIAGO","description":"Micro-cr\u00e8che \u00e0 Blodelsheim","publisher":{"@id":"https:\/\/services7.cloud1.sbg.meosis.fr\/julesettiago\/#organization"},"potentialAction":[{"@type":"SearchAction","target":{"@type":"EntryPoint","urlTemplate":"https:\/\/services7.cloud1.sbg.meosis.fr\/julesettiago\/?s={search_term_string}"},"query-input":{"@type":"PropertyValueSpecification","valueRequired":true,"valueName":"search_term_string"}}],"inLanguage":"fr-FR"},{"@type":"Organization","@id":"https:\/\/services7.cloud1.sbg.meosis.fr\/julesettiago\/#organization","name":"JULES &amp; TIAGO","url":"https:\/\/services7.cloud1.sbg.meosis.fr\/julesettiago\/","logo":{"@type":"ImageObject","inLanguage":"fr-FR","@id":"https:\/\/services7.cloud1.sbg.meosis.fr\/julesettiago\/#\/schema\/logo\/image\/","url":"https:\/\/services7.cloud1.sbg.meosis.fr\/julesettiago\/wp-content\/uploads\/sites\/11\/2022\/01\/logo.png","contentUrl":"https:\/\/services7.cloud1.sbg.meosis.fr\/julesettiago\/wp-content\/uploads\/sites\/11\/2022\/01\/logo.png","width":201,"height":128,"caption":"JULES &amp; TIAGO"},"image":{"@id":"https:\/\/services7.cloud1.sbg.meosis.fr\/julesettiago\/#\/schema\/logo\/image\/"}}]}},"acf":[],"_links":{"self":[{"href":"https:\/\/services7.cloud1.sbg.meosis.fr\/julesettiago\/wp-json\/wp\/v2\/pages\/9","targetHints":{"allow":["GET"]}}],"collection":[{"href":"https:\/\/services7.cloud1.sbg.meosis.fr\/julesettiago\/wp-json\/wp\/v2\/pages"}],"about":[{"href":"https:\/\/services7.cloud1.sbg.meosis.fr\/julesettiago\/wp-json\/wp\/v2\/types\/page"}],"author":[{"embeddable":true,"href":"https:\/\/services7.cloud1.sbg.meosis.fr\/julesettiago\/wp-json\/wp\/v2\/users\/1"}],"replies":[{"embeddable":true,"href":"https:\/\/services7.cloud1.sbg.meosis.fr\/julesettiago\/wp-json\/wp\/v2\/comments?post=9"}],"version-history":[{"count":0,"href":"https:\/\/services7.cloud1.sbg.meosis.fr\/julesettiago\/wp-json\/wp\/v2\/pages\/9\/revisions"}],"wp:attachment":[{"href":"https:\/\/services7.cloud1.sbg.meosis.fr\/julesettiago\/wp-json\/wp\/v2\/media?parent=9"}],"curies":[{"name":"wp","href":"https:\/\/api.w.org\/{rel}","templated":true}]}}