{"id":6,"date":"2022-01-26T16:04:14","date_gmt":"2022-01-26T15:04:14","guid":{"rendered":"https:\/\/services7.cloud1.sbg.meosis.fr\/microcrechejulesettiago\/simulation-thermique\/"},"modified":"2023-07-12T10:01:08","modified_gmt":"2023-07-12T08:01:08","slug":"espace-snoezelen","status":"publish","type":"page","link":"https:\/\/services7.cloud1.sbg.meosis.fr\/julesettiago\/espace-snoezelen.html","title":{"rendered":"Espace Snoezelen"},"content":{"rendered":"\t\t<div data-elementor-type=\"wp-page\" data-elementor-id=\"6\" class=\"elementor elementor-6\" data-elementor-post-type=\"page\">\n\t\t\t\t\t\t<section class=\"ob-is-breaking-bad elementor-section elementor-top-section elementor-element elementor-element-159304a4 elementor-section-boxed elementor-section-height-default elementor-section-height-default\" data-id=\"159304a4\" data-element_type=\"section\" data-settings=\"{&quot;_ob_bbad_use_it&quot;:&quot;yes&quot;,&quot;_ob_bbad_sssic_use&quot;:&quot;no&quot;}\">\n\t\t\t\t\t\t<div class=\"elementor-container elementor-column-gap-default\">\n\t\t\t\t\t<div class=\"elementor-column elementor-col-100 elementor-top-column elementor-element elementor-element-22db50c6\" data-id=\"22db50c6\" data-element_type=\"column\" data-settings=\"{&quot;_ob_bbad_is_stalker&quot;:&quot;no&quot;}\">\n\t\t\t<div class=\"elementor-widget-wrap elementor-element-populated\">\n\t\t\t\t\t\t<div class=\"elementor-element elementor-element-2b3b8761 elementor-widget elementor-widget-text-editor\" data-id=\"2b3b8761\" data-element_type=\"widget\" data-settings=\"{&quot;_ob_postman_use&quot;:&quot;no&quot;}\" data-widget_type=\"text-editor.default\">\n\t\t\t\t<div class=\"elementor-widget-container\">\n\t\t\t\t\t\t\t\t\tL\u2019int\u00e9r\u00eat de l\u2019approche Snoezelen au sein de notre structure :\u00a0<b>la d\u00e9tente, la s\u00e9curit\u00e9, l\u2019exploration sensorielle, le relationnel et le bien-\u00eatre<\/b>.\r\n\r\nSnoezelen est avant tout une philosophie d\u2019approche. Cet espace, mis en place au sein de la micro-cr\u00e8che, fait partie de notre p\u00e9dagogie afin de favoriser le bien-\u00eatre des enfants. Tout cela en utilisant diff\u00e9rents mat\u00e9riaux sp\u00e9cifiques comme une colonne \u00e0 bulles, des lampes \u00e0 led multicolores etc &#8230; Dans un des dortoirs, un ciel \u00e9toil\u00e9 permettra \u00e0 vos enfants de s&rsquo;endormir en toute tranquillit\u00e9, les yeux riv\u00e9s dans les \u00e9toiles.\r\n\r\nLe concept Snoezelen s\u2019articule donc autour de diff\u00e9rentes modalit\u00e9s sensorielles, visuelles, sonores ou tactiles afin de rel\u00e2cher les tensions et de s\u2019apaiser. Vous pouvez compter sur l&rsquo;\u00e9quipe encadrante de la micro-cr\u00e8che Jules &amp; Tiago pour veiller \u00e0 cr\u00e9er un cadre bienveillant et rassurant pour vos enfants.\t\t\t\t\t\t\t\t<\/div>\n\t\t\t\t<\/div>\n\t\t\t\t\t<\/div>\n\t\t<\/div>\n\t\t\t\t\t<\/div>\n\t\t<\/section>\n\t\t\t\t<section class=\"ob-is-breaking-bad elementor-section elementor-top-section elementor-element elementor-element-eb82d20 elementor-section-boxed elementor-section-height-default elementor-section-height-default\" data-id=\"eb82d20\" data-element_type=\"section\" data-settings=\"{&quot;_ob_bbad_use_it&quot;:&quot;yes&quot;,&quot;_ob_bbad_sssic_use&quot;:&quot;no&quot;}\">\n\t\t\t\t\t\t<div class=\"elementor-container elementor-column-gap-default\">\n\t\t\t\t\t<div class=\"elementor-column elementor-col-100 elementor-top-column elementor-element elementor-element-2039692\" data-id=\"2039692\" data-element_type=\"column\" data-settings=\"{&quot;_ob_bbad_is_stalker&quot;:&quot;no&quot;}\">\n\t\t\t<div class=\"elementor-widget-wrap elementor-element-populated\">\n\t\t\t\t\t\t<div class=\"elementor-element elementor-element-35cd021 elementor-widget elementor-widget-gallery\" data-id=\"35cd021\" data-element_type=\"widget\" data-settings=\"{&quot;gallery_layout&quot;:&quot;masonry&quot;,&quot;lazyload&quot;:&quot;yes&quot;,&quot;columns&quot;:4,&quot;columns_tablet&quot;:2,&quot;columns_mobile&quot;:1,&quot;gap&quot;:{&quot;unit&quot;:&quot;px&quot;,&quot;size&quot;:10,&quot;sizes&quot;:[]},&quot;gap_tablet&quot;:{&quot;unit&quot;:&quot;px&quot;,&quot;size&quot;:10,&quot;sizes&quot;:[]},&quot;gap_mobile&quot;:{&quot;unit&quot;:&quot;px&quot;,&quot;size&quot;:10,&quot;sizes&quot;:[]},&quot;link_to&quot;:&quot;file&quot;,&quot;overlay_background&quot;:&quot;yes&quot;,&quot;content_hover_animation&quot;:&quot;fade-in&quot;}\" data-widget_type=\"gallery.default\">\n\t\t\t\t<div class=\"elementor-widget-container\">\n\t\t\t\t\t\t\t<div class=\"elementor-gallery__container\">\n\t\t\t\t\t\t\t<a class=\"e-gallery-item elementor-gallery-item elementor-animated-content\" href=\"https:\/\/services7.cloud1.sbg.meosis.fr\/julesettiago\/wp-content\/uploads\/sites\/11\/2023\/07\/348963748_208491628672733_6608008354520554468_n.jpg\" data-elementor-open-lightbox=\"yes\" data-elementor-lightbox-slideshow=\"35cd021\" data-elementor-lightbox-title=\"348963748_208491628672733_6608008354520554468_n\" data-e-action-hash=\"#elementor-action%3Aaction%3Dlightbox%26settings%3DeyJpZCI6MjM0NywidXJsIjoiaHR0cHM6XC9cL3NlcnZpY2VzNy5jbG91ZDEuc2JnLm1lb3Npcy5mclwvanVsZXNldHRpYWdvXC93cC1jb250ZW50XC91cGxvYWRzXC9zaXRlc1wvMTFcLzIwMjNcLzA3XC8zNDg5NjM3NDhfMjA4NDkxNjI4NjcyNzMzXzY2MDgwMDgzNTQ1MjA1NTQ0Njhfbi5qcGciLCJzbGlkZXNob3ciOiIzNWNkMDIxIn0%3D\">\n\t\t\t\t\t<div class=\"e-gallery-image elementor-gallery-item__image\" data-thumbnail=\"https:\/\/services7.cloud1.sbg.meosis.fr\/julesettiago\/wp-content\/uploads\/sites\/11\/2023\/07\/348963748_208491628672733_6608008354520554468_n.jpg\" data-width=\"1152\" data-height=\"2048\" aria-label=\"\" role=\"img\" ><\/div>\n\t\t\t\t\t\t\t\t\t\t\t<div class=\"elementor-gallery-item__overlay\"><\/div>\n\t\t\t\t\t\t\t\t\t\t\t\t\t\t<\/a>\n\t\t\t\t\t\t\t<a class=\"e-gallery-item elementor-gallery-item elementor-animated-content\" href=\"https:\/\/services7.cloud1.sbg.meosis.fr\/julesettiago\/wp-content\/uploads\/sites\/11\/2023\/07\/349025012_1437347660358148_4776191298787573944_n.jpg\" data-elementor-open-lightbox=\"yes\" data-elementor-lightbox-slideshow=\"35cd021\" data-elementor-lightbox-title=\"349025012_1437347660358148_4776191298787573944_n\" data-e-action-hash=\"#elementor-action%3Aaction%3Dlightbox%26settings%3DeyJpZCI6MjM0OCwidXJsIjoiaHR0cHM6XC9cL3NlcnZpY2VzNy5jbG91ZDEuc2JnLm1lb3Npcy5mclwvanVsZXNldHRpYWdvXC93cC1jb250ZW50XC91cGxvYWRzXC9zaXRlc1wvMTFcLzIwMjNcLzA3XC8zNDkwMjUwMTJfMTQzNzM0NzY2MDM1ODE0OF80Nzc2MTkxMjk4Nzg3NTczOTQ0X24uanBnIiwic2xpZGVzaG93IjoiMzVjZDAyMSJ9\">\n\t\t\t\t\t<div class=\"e-gallery-image elementor-gallery-item__image\" data-thumbnail=\"https:\/\/services7.cloud1.sbg.meosis.fr\/julesettiago\/wp-content\/uploads\/sites\/11\/2023\/07\/349025012_1437347660358148_4776191298787573944_n.jpg\" data-width=\"540\" data-height=\"960\" aria-label=\"\" role=\"img\" ><\/div>\n\t\t\t\t\t\t\t\t\t\t\t<div class=\"elementor-gallery-item__overlay\"><\/div>\n\t\t\t\t\t\t\t\t\t\t\t\t\t\t<\/a>\n\t\t\t\t\t\t\t<a class=\"e-gallery-item elementor-gallery-item elementor-animated-content\" href=\"https:\/\/services7.cloud1.sbg.meosis.fr\/julesettiago\/wp-content\/uploads\/sites\/11\/2023\/07\/348650835_197408819877378_5737878430386610109_n.jpg\" data-elementor-open-lightbox=\"yes\" data-elementor-lightbox-slideshow=\"35cd021\" data-elementor-lightbox-title=\"348650835_197408819877378_5737878430386610109_n\" data-e-action-hash=\"#elementor-action%3Aaction%3Dlightbox%26settings%3DeyJpZCI6MjM0OSwidXJsIjoiaHR0cHM6XC9cL3NlcnZpY2VzNy5jbG91ZDEuc2JnLm1lb3Npcy5mclwvanVsZXNldHRpYWdvXC93cC1jb250ZW50XC91cGxvYWRzXC9zaXRlc1wvMTFcLzIwMjNcLzA3XC8zNDg2NTA4MzVfMTk3NDA4ODE5ODc3Mzc4XzU3Mzc4Nzg0MzAzODY2MTAxMDlfbi5qcGciLCJzbGlkZXNob3ciOiIzNWNkMDIxIn0%3D\">\n\t\t\t\t\t<div class=\"e-gallery-image elementor-gallery-item__image\" data-thumbnail=\"https:\/\/services7.cloud1.sbg.meosis.fr\/julesettiago\/wp-content\/uploads\/sites\/11\/2023\/07\/348650835_197408819877378_5737878430386610109_n.jpg\" data-width=\"1152\" data-height=\"2048\" aria-label=\"\" role=\"img\" ><\/div>\n\t\t\t\t\t\t\t\t\t\t\t<div class=\"elementor-gallery-item__overlay\"><\/div>\n\t\t\t\t\t\t\t\t\t\t\t\t\t\t<\/a>\n\t\t\t\t\t\t\t<a class=\"e-gallery-item elementor-gallery-item elementor-animated-content\" href=\"https:\/\/services7.cloud1.sbg.meosis.fr\/julesettiago\/wp-content\/uploads\/sites\/11\/2023\/07\/348845320_642700717255972_4408865688189823531_n.jpg\" data-elementor-open-lightbox=\"yes\" data-elementor-lightbox-slideshow=\"35cd021\" data-elementor-lightbox-title=\"348845320_642700717255972_4408865688189823531_n\" data-e-action-hash=\"#elementor-action%3Aaction%3Dlightbox%26settings%3DeyJpZCI6MjM1MCwidXJsIjoiaHR0cHM6XC9cL3NlcnZpY2VzNy5jbG91ZDEuc2JnLm1lb3Npcy5mclwvanVsZXNldHRpYWdvXC93cC1jb250ZW50XC91cGxvYWRzXC9zaXRlc1wvMTFcLzIwMjNcLzA3XC8zNDg4NDUzMjBfNjQyNzAwNzE3MjU1OTcyXzQ0MDg4NjU2ODgxODk4MjM1MzFfbi5qcGciLCJzbGlkZXNob3ciOiIzNWNkMDIxIn0%3D\">\n\t\t\t\t\t<div class=\"e-gallery-image elementor-gallery-item__image\" data-thumbnail=\"https:\/\/services7.cloud1.sbg.meosis.fr\/julesettiago\/wp-content\/uploads\/sites\/11\/2023\/07\/348845320_642700717255972_4408865688189823531_n.jpg\" data-width=\"1152\" data-height=\"2048\" aria-label=\"\" role=\"img\" ><\/div>\n\t\t\t\t\t\t\t\t\t\t\t<div class=\"elementor-gallery-item__overlay\"><\/div>\n\t\t\t\t\t\t\t\t\t\t\t\t\t\t<\/a>\n\t\t\t\t\t<\/div>\n\t\t\t\t\t<\/div>\n\t\t\t\t<\/div>\n\t\t\t\t\t<\/div>\n\t\t<\/div>\n\t\t\t\t\t<\/div>\n\t\t<\/section>\n\t\t\t\t<\/div>\n\t\t","protected":false},"excerpt":{"rendered":"<p>L\u2019int\u00e9r\u00eat de l\u2019approche Snoezelen au sein de notre structure :\u00a0la d\u00e9tente, la s\u00e9curit\u00e9, l\u2019exploration sensorielle, le relationnel et le bien-\u00eatre. Snoezelen est avant tout une philosophie d\u2019approche. Cet espace, mis en place au sein de la micro-cr\u00e8che, fait partie de notre p\u00e9dagogie afin de favoriser le bien-\u00eatre des enfants. Tout cela en utilisant diff\u00e9rents mat\u00e9riaux [&hellip;]<\/p>\n","protected":false},"author":1,"featured_media":0,"parent":0,"menu_order":0,"comment_status":"closed","ping_status":"closed","template":"","meta":{"_acf_changed":false,"footnotes":""},"class_list":["post-6","page","type-page","status-publish","hentry"],"yoast_head":"<!-- This site is optimized with the Yoast SEO plugin v24.4 - https:\/\/yoast.com\/wordpress\/plugins\/seo\/ -->\n<title>Pratique de l&#039;approche Snoezelen au sein de notre micro-cr\u00e8che<\/title>\n<meta name=\"description\" content=\"L\u2019int\u00e9r\u00eat de l\u2019approche Snoezelen au sein de notre structure :\u00a0la d\u00e9tente, la s\u00e9curit\u00e9, l\u2019exploration sensorielle, le relationnel et le bien-\u00eatre.\" \/>\n<meta name=\"robots\" content=\"index, follow, max-snippet:-1, max-image-preview:large, max-video-preview:-1\" \/>\n<link rel=\"canonical\" href=\"https:\/\/services7.cloud1.sbg.meosis.fr\/julesettiago\/espace-snoezelen.html\" \/>\n<meta property=\"og:locale\" content=\"fr_FR\" \/>\n<meta property=\"og:type\" content=\"article\" \/>\n<meta property=\"og:title\" content=\"Pratique de l&#039;approche Snoezelen au sein de notre micro-cr\u00e8che\" \/>\n<meta property=\"og:description\" content=\"L\u2019int\u00e9r\u00eat de l\u2019approche Snoezelen au sein de notre structure :\u00a0la d\u00e9tente, la s\u00e9curit\u00e9, l\u2019exploration sensorielle, le relationnel et le bien-\u00eatre.\" \/>\n<meta property=\"og:url\" content=\"https:\/\/services7.cloud1.sbg.meosis.fr\/julesettiago\/espace-snoezelen.html\" \/>\n<meta property=\"og:site_name\" content=\"JULES &amp; TIAGO\" \/>\n<meta property=\"article:modified_time\" content=\"2023-07-12T08:01:08+00:00\" \/>\n<meta name=\"twitter:card\" content=\"summary_large_image\" \/>\n<meta name=\"twitter:label1\" content=\"Dur\u00e9e de lecture estim\u00e9e\" \/>\n\t<meta name=\"twitter:data1\" content=\"1 minute\" \/>\n<script type=\"application\/ld+json\" class=\"yoast-schema-graph\">{\"@context\":\"https:\/\/schema.org\",\"@graph\":[{\"@type\":\"WebPage\",\"@id\":\"https:\/\/services7.cloud1.sbg.meosis.fr\/julesettiago\/espace-snoezelen.html\",\"url\":\"https:\/\/services7.cloud1.sbg.meosis.fr\/julesettiago\/espace-snoezelen.html\",\"name\":\"Pratique de l'approche Snoezelen au sein de notre micro-cr\u00e8che\",\"isPartOf\":{\"@id\":\"https:\/\/services7.cloud1.sbg.meosis.fr\/julesettiago\/#website\"},\"datePublished\":\"2022-01-26T15:04:14+00:00\",\"dateModified\":\"2023-07-12T08:01:08+00:00\",\"description\":\"L\u2019int\u00e9r\u00eat de l\u2019approche Snoezelen au sein de notre structure :\u00a0la d\u00e9tente, la s\u00e9curit\u00e9, l\u2019exploration sensorielle, le relationnel et le bien-\u00eatre.\",\"breadcrumb\":{\"@id\":\"https:\/\/services7.cloud1.sbg.meosis.fr\/julesettiago\/espace-snoezelen.html#breadcrumb\"},\"inLanguage\":\"fr-FR\",\"potentialAction\":[{\"@type\":\"ReadAction\",\"target\":[\"https:\/\/services7.cloud1.sbg.meosis.fr\/julesettiago\/espace-snoezelen.html\"]}]},{\"@type\":\"BreadcrumbList\",\"@id\":\"https:\/\/services7.cloud1.sbg.meosis.fr\/julesettiago\/espace-snoezelen.html#breadcrumb\",\"itemListElement\":[{\"@type\":\"ListItem\",\"position\":1,\"name\":\"Micro-cr\u00e8che \u00e0 Blodelsheim\",\"item\":\"https:\/\/services7.cloud1.sbg.meosis.fr\/julesettiago\/\"},{\"@type\":\"ListItem\",\"position\":2,\"name\":\"Espace Snoezelen\"}]},{\"@type\":\"WebSite\",\"@id\":\"https:\/\/services7.cloud1.sbg.meosis.fr\/julesettiago\/#website\",\"url\":\"https:\/\/services7.cloud1.sbg.meosis.fr\/julesettiago\/\",\"name\":\"JULES &amp; TIAGO\",\"description\":\"Micro-cr\u00e8che \u00e0 Blodelsheim\",\"publisher\":{\"@id\":\"https:\/\/services7.cloud1.sbg.meosis.fr\/julesettiago\/#organization\"},\"potentialAction\":[{\"@type\":\"SearchAction\",\"target\":{\"@type\":\"EntryPoint\",\"urlTemplate\":\"https:\/\/services7.cloud1.sbg.meosis.fr\/julesettiago\/?s={search_term_string}\"},\"query-input\":{\"@type\":\"PropertyValueSpecification\",\"valueRequired\":true,\"valueName\":\"search_term_string\"}}],\"inLanguage\":\"fr-FR\"},{\"@type\":\"Organization\",\"@id\":\"https:\/\/services7.cloud1.sbg.meosis.fr\/julesettiago\/#organization\",\"name\":\"JULES &amp; TIAGO\",\"url\":\"https:\/\/services7.cloud1.sbg.meosis.fr\/julesettiago\/\",\"logo\":{\"@type\":\"ImageObject\",\"inLanguage\":\"fr-FR\",\"@id\":\"https:\/\/services7.cloud1.sbg.meosis.fr\/julesettiago\/#\/schema\/logo\/image\/\",\"url\":\"https:\/\/services7.cloud1.sbg.meosis.fr\/julesettiago\/wp-content\/uploads\/sites\/11\/2022\/01\/logo.png\",\"contentUrl\":\"https:\/\/services7.cloud1.sbg.meosis.fr\/julesettiago\/wp-content\/uploads\/sites\/11\/2022\/01\/logo.png\",\"width\":201,\"height\":128,\"caption\":\"JULES &amp; TIAGO\"},\"image\":{\"@id\":\"https:\/\/services7.cloud1.sbg.meosis.fr\/julesettiago\/#\/schema\/logo\/image\/\"}}]}<\/script>\n<!-- \/ Yoast SEO plugin. -->","yoast_head_json":{"title":"Pratique de l'approche Snoezelen au sein de notre micro-cr\u00e8che","description":"L\u2019int\u00e9r\u00eat de l\u2019approche Snoezelen au sein de notre structure :\u00a0la d\u00e9tente, la s\u00e9curit\u00e9, l\u2019exploration sensorielle, le relationnel et le bien-\u00eatre.","robots":{"index":"index","follow":"follow","max-snippet":"max-snippet:-1","max-image-preview":"max-image-preview:large","max-video-preview":"max-video-preview:-1"},"canonical":"https:\/\/services7.cloud1.sbg.meosis.fr\/julesettiago\/espace-snoezelen.html","og_locale":"fr_FR","og_type":"article","og_title":"Pratique de l'approche Snoezelen au sein de notre micro-cr\u00e8che","og_description":"L\u2019int\u00e9r\u00eat de l\u2019approche Snoezelen au sein de notre structure :\u00a0la d\u00e9tente, la s\u00e9curit\u00e9, l\u2019exploration sensorielle, le relationnel et le bien-\u00eatre.","og_url":"https:\/\/services7.cloud1.sbg.meosis.fr\/julesettiago\/espace-snoezelen.html","og_site_name":"JULES &amp; TIAGO","article_modified_time":"2023-07-12T08:01:08+00:00","twitter_card":"summary_large_image","twitter_misc":{"Dur\u00e9e de lecture estim\u00e9e":"1 minute"},"schema":{"@context":"https:\/\/schema.org","@graph":[{"@type":"WebPage","@id":"https:\/\/services7.cloud1.sbg.meosis.fr\/julesettiago\/espace-snoezelen.html","url":"https:\/\/services7.cloud1.sbg.meosis.fr\/julesettiago\/espace-snoezelen.html","name":"Pratique de l'approche Snoezelen au sein de notre micro-cr\u00e8che","isPartOf":{"@id":"https:\/\/services7.cloud1.sbg.meosis.fr\/julesettiago\/#website"},"datePublished":"2022-01-26T15:04:14+00:00","dateModified":"2023-07-12T08:01:08+00:00","description":"L\u2019int\u00e9r\u00eat de l\u2019approche Snoezelen au sein de notre structure :\u00a0la d\u00e9tente, la s\u00e9curit\u00e9, l\u2019exploration sensorielle, le relationnel et le bien-\u00eatre.","breadcrumb":{"@id":"https:\/\/services7.cloud1.sbg.meosis.fr\/julesettiago\/espace-snoezelen.html#breadcrumb"},"inLanguage":"fr-FR","potentialAction":[{"@type":"ReadAction","target":["https:\/\/services7.cloud1.sbg.meosis.fr\/julesettiago\/espace-snoezelen.html"]}]},{"@type":"BreadcrumbList","@id":"https:\/\/services7.cloud1.sbg.meosis.fr\/julesettiago\/espace-snoezelen.html#breadcrumb","itemListElement":[{"@type":"ListItem","position":1,"name":"Micro-cr\u00e8che \u00e0 Blodelsheim","item":"https:\/\/services7.cloud1.sbg.meosis.fr\/julesettiago\/"},{"@type":"ListItem","position":2,"name":"Espace Snoezelen"}]},{"@type":"WebSite","@id":"https:\/\/services7.cloud1.sbg.meosis.fr\/julesettiago\/#website","url":"https:\/\/services7.cloud1.sbg.meosis.fr\/julesettiago\/","name":"JULES &amp; TIAGO","description":"Micro-cr\u00e8che \u00e0 Blodelsheim","publisher":{"@id":"https:\/\/services7.cloud1.sbg.meosis.fr\/julesettiago\/#organization"},"potentialAction":[{"@type":"SearchAction","target":{"@type":"EntryPoint","urlTemplate":"https:\/\/services7.cloud1.sbg.meosis.fr\/julesettiago\/?s={search_term_string}"},"query-input":{"@type":"PropertyValueSpecification","valueRequired":true,"valueName":"search_term_string"}}],"inLanguage":"fr-FR"},{"@type":"Organization","@id":"https:\/\/services7.cloud1.sbg.meosis.fr\/julesettiago\/#organization","name":"JULES &amp; TIAGO","url":"https:\/\/services7.cloud1.sbg.meosis.fr\/julesettiago\/","logo":{"@type":"ImageObject","inLanguage":"fr-FR","@id":"https:\/\/services7.cloud1.sbg.meosis.fr\/julesettiago\/#\/schema\/logo\/image\/","url":"https:\/\/services7.cloud1.sbg.meosis.fr\/julesettiago\/wp-content\/uploads\/sites\/11\/2022\/01\/logo.png","contentUrl":"https:\/\/services7.cloud1.sbg.meosis.fr\/julesettiago\/wp-content\/uploads\/sites\/11\/2022\/01\/logo.png","width":201,"height":128,"caption":"JULES &amp; TIAGO"},"image":{"@id":"https:\/\/services7.cloud1.sbg.meosis.fr\/julesettiago\/#\/schema\/logo\/image\/"}}]}},"acf":[],"_links":{"self":[{"href":"https:\/\/services7.cloud1.sbg.meosis.fr\/julesettiago\/wp-json\/wp\/v2\/pages\/6","targetHints":{"allow":["GET"]}}],"collection":[{"href":"https:\/\/services7.cloud1.sbg.meosis.fr\/julesettiago\/wp-json\/wp\/v2\/pages"}],"about":[{"href":"https:\/\/services7.cloud1.sbg.meosis.fr\/julesettiago\/wp-json\/wp\/v2\/types\/page"}],"author":[{"embeddable":true,"href":"https:\/\/services7.cloud1.sbg.meosis.fr\/julesettiago\/wp-json\/wp\/v2\/users\/1"}],"replies":[{"embeddable":true,"href":"https:\/\/services7.cloud1.sbg.meosis.fr\/julesettiago\/wp-json\/wp\/v2\/comments?post=6"}],"version-history":[{"count":4,"href":"https:\/\/services7.cloud1.sbg.meosis.fr\/julesettiago\/wp-json\/wp\/v2\/pages\/6\/revisions"}],"predecessor-version":[{"id":2353,"href":"https:\/\/services7.cloud1.sbg.meosis.fr\/julesettiago\/wp-json\/wp\/v2\/pages\/6\/revisions\/2353"}],"wp:attachment":[{"href":"https:\/\/services7.cloud1.sbg.meosis.fr\/julesettiago\/wp-json\/wp\/v2\/media?parent=6"}],"curies":[{"name":"wp","href":"https:\/\/api.w.org\/{rel}","templated":true}]}}